{"id":190,"date":"2024-01-27T20:21:13","date_gmt":"2024-01-27T20:21:13","guid":{"rendered":"https:\/\/pierrepassolini.com\/?page_id=190"},"modified":"2024-01-27T20:27:23","modified_gmt":"2024-01-27T20:27:23","slug":"iletisim","status":"publish","type":"page","link":"https:\/\/pierrepassolini.com.tr\/index.php\/iletisim\/","title":{"rendered":"\u0130leti\u015fim"},"content":{"rendered":"\t\t<div data-elementor-type=\"wp-page\" data-elementor-id=\"190\" class=\"elementor elementor-190\">\n\t\t\t\t\t\t\t<div class=\"elementor-element elementor-element-1277ce6 e-flex e-con-boxed e-con e-parent\" data-id=\"1277ce6\" data-element_type=\"container\" data-settings=\"{&quot;content_width&quot;:&quot;boxed&quot;}\" data-core-v316-plus=\"true\">\n\t\t\t\t\t<div class=\"e-con-inner\">\n\t\t<div class=\"elementor-element elementor-element-e9c6e8d e-con-full e-flex e-con e-child\" data-id=\"e9c6e8d\" data-element_type=\"container\" data-settings=\"{&quot;content_width&quot;:&quot;full&quot;}\">\n\t\t\t\t<\/div>\n\t\t<div class=\"elementor-element elementor-element-7cb9a6a e-con-full e-flex e-con e-child\" data-id=\"7cb9a6a\" data-element_type=\"container\" data-settings=\"{&quot;content_width&quot;:&quot;full&quot;}\">\n\t\t\t\t<div class=\"elementor-element elementor-element-7068be3 elementor-widget elementor-widget-text-editor\" data-id=\"7068be3\" data-element_type=\"widget\" data-widget_type=\"text-editor.default\">\n\t\t\t\t<div class=\"elementor-widget-container\">\n\t\t\t<style>\/*! elementor - v3.18.0 - 20-12-2023 *\/\n.elementor-widget-text-editor.elementor-drop-cap-view-stacked .elementor-drop-cap{background-color:#69727d;color:#fff}.elementor-widget-text-editor.elementor-drop-cap-view-framed .elementor-drop-cap{color:#69727d;border:3px solid;background-color:transparent}.elementor-widget-text-editor:not(.elementor-drop-cap-view-default) .elementor-drop-cap{margin-top:8px}.elementor-widget-text-editor:not(.elementor-drop-cap-view-default) .elementor-drop-cap-letter{width:1em;height:1em}.elementor-widget-text-editor .elementor-drop-cap{float:left;text-align:center;line-height:1;font-size:50px}.elementor-widget-text-editor .elementor-drop-cap-letter{display:inline-block}<\/style>\t\t\t\t<p><br \/><br \/>SHOWROOM<br \/>Mabeyinci Yoku\u015fu<br \/>No:17\/C<br \/>Ni\u015fanca-Laleli\/\u0130stanbul<br \/>Tel.:+90 212 516 81 34<\/p><p>FACTORY<br \/>H\u00fcrriyet Mah.H\u00fcrriyet Cad.<br \/>S\u00fcmb\u00fcl Sokak No:15<br \/>Sedat Akg\u00fcl \u0130\u015f Han\u0131 Kat:6<br \/>Bah\u00e7elievler\/\u0130stanbul<br \/>Tel\/Fax:+90 552 61 79<\/p>\t\t\t\t\t\t<\/div>\n\t\t\t\t<\/div>\n\t\t\t\t<\/div>\n\t\t<div class=\"elementor-element elementor-element-1d3072e e-con-full e-flex e-con e-child\" data-id=\"1d3072e\" data-element_type=\"container\" data-settings=\"{&quot;content_width&quot;:&quot;full&quot;}\">\n\t\t\t\t<\/div>\n\t\t\t\t\t<\/div>\n\t\t\t\t<\/div>\n\t\t\t\t\t\t\t<\/div>\n\t\t","protected":false},"excerpt":{"rendered":"<p>SHOWROOMMabeyinci Yoku\u015fuNo:17\/CNi\u015fanca-Laleli\/\u0130stanbulTel.:+90 212 516 81 34 FACTORYH\u00fcrriyet Mah.H\u00fcrriyet Cad.S\u00fcmb\u00fcl Sokak No:15Sedat Akg\u00fcl \u0130\u015f Han\u0131 Kat:6Bah\u00e7elievler\/\u0130stanbulTel\/Fax:+90 552 61 79<\/p>\n","protected":false},"author":1,"featured_media":0,"parent":0,"menu_order":0,"comment_status":"closed","ping_status":"closed","template":"","meta":{"_kadence_starter_templates_imported_post":false,"_kad_post_transparent":"","_kad_post_title":"hide","_kad_post_layout":"fullwidth","_kad_post_sidebar_id":"","_kad_post_content_style":"unboxed","_kad_post_vertical_padding":"hide","_kad_post_feature":"hide","_kad_post_feature_position":"","_kad_post_header":false,"_kad_post_footer":false,"footnotes":""},"class_list":["post-190","page","type-page","status-publish","hentry"],"_links":{"self":[{"href":"https:\/\/pierrepassolini.com.tr\/index.php\/wp-json\/wp\/v2\/pages\/190","targetHints":{"allow":["GET"]}}],"collection":[{"href":"https:\/\/pierrepassolini.com.tr\/index.php\/wp-json\/wp\/v2\/pages"}],"about":[{"href":"https:\/\/pierrepassolini.com.tr\/index.php\/wp-json\/wp\/v2\/types\/page"}],"author":[{"embeddable":true,"href":"https:\/\/pierrepassolini.com.tr\/index.php\/wp-json\/wp\/v2\/users\/1"}],"replies":[{"embeddable":true,"href":"https:\/\/pierrepassolini.com.tr\/index.php\/wp-json\/wp\/v2\/comments?post=190"}],"version-history":[{"count":4,"href":"https:\/\/pierrepassolini.com.tr\/index.php\/wp-json\/wp\/v2\/pages\/190\/revisions"}],"predecessor-version":[{"id":194,"href":"https:\/\/pierrepassolini.com.tr\/index.php\/wp-json\/wp\/v2\/pages\/190\/revisions\/194"}],"wp:attachment":[{"href":"https:\/\/pierrepassolini.com.tr\/index.php\/wp-json\/wp\/v2\/media?parent=190"}],"curies":[{"name":"wp","href":"https:\/\/api.w.org\/{rel}","templated":true}]}}